{"id":11007,"date":"2025-03-25T22:14:40","date_gmt":"2025-03-25T22:14:40","guid":{"rendered":"https:\/\/zss1.szczecin.pl\/?page_id=11007"},"modified":"2025-03-27T05:46:41","modified_gmt":"2025-03-27T05:46:41","slug":"deklaracja-dostepnosci","status":"publish","type":"page","link":"https:\/\/zss1.szczecin.pl\/?page_id=11007","title":{"rendered":"Deklaracja dost\u0119pno\u015bci"},"content":{"rendered":"<div id=\"declaration-preview\" class=\"border p-5 mb-5\">\n<h1 id=\"a11y-deklaracja\" style=\"text-align: center;\">Deklaracja dost\u0119pno\u015bci<\/h1>\n<p id=\"a11y-wstep\"><span id=\"a11y-podmiot\">Zesp\u00f3\u0142 Szk\u00f3\u0142 Specjalnych nr 1 w Szczecinie<\/span> zobowi\u0105zuje si\u0119 zapewni\u0107 dost\u0119pno\u015b\u0107 swojej strony internetowej zgodnie z przepisami ustawy z dnia 4&nbsp;kwietnia 2019&nbsp;r. o&nbsp;dost\u0119pno\u015bci cyfrowej stron internetowych i&nbsp;aplikacji mobilnych podmiot\u00f3w publicznych. O\u015bwiadczenie w sprawie dost\u0119pno\u015bci ma zastosowanie do strony internetowej <a id=\"a11y-url\" href=\"https:\/\/zss1.szczecin.pl\">Strona internetowa szko\u0142y<\/a>.<\/p>\n<ul>\n<li>Data publikacji strony internetowej: <time id=\"a11y-data-publikacja\" datetime=\"2020-09-09\">2020-09-09<\/time><\/li>\n<li>Data ostatniej istotnej aktualizacji: <time id=\"a11y-data-aktualizacja\" datetime=\"2025-03-21\">2025-03-21<\/time><\/li>\n<\/ul>\n<h2>Status pod wzgl\u0119dem zgodno\u015bci z ustaw\u0105<\/h2>\n<p>Strona internetowa jest <strong id=\"a11y-status\">cz\u0119\u015bciowo zgodna<\/strong> z&nbsp;ustaw\u0105 o&nbsp;dost\u0119pno\u015bci cyfrowej stron internetowych i&nbsp;aplikacji mobilnych podmiot\u00f3w publicznych z&nbsp;powodu niezgodno\u015bci lub wy\u0142\u0105cze\u0144 wymienionych poni\u017cej.<\/p>\n<h3>Tre\u015bci niedost\u0119pne<\/h3>\n<ul>\n<li>&#8211; brak j\u0119zyka migowego<\/li>\n<li>&#8211; brak tre\u015bci ETR<\/li>\n<li>&#8211; filmy nie posiadaj\u0105 napis\u00f3w dla os\u00f3b nies\u0142ysz\u0105cych\/niedos\u0142ysz\u0105cych<\/li>\n<li>&#8211; niekt\u00f3re zdj\u0119cia z wydarze\u0144 nie posiadaj\u0105 pe\u0142nych opis\u00f3w alternatywnych<\/li>\n<li>&#8211; dokumenty w PDF nie s\u0105 dokumentami edytowalnymi<\/li>\n<li>&#8211; cz\u0119\u015b\u0107 plik\u00f3w nie jest dost\u0119pnych cyfrowo<\/li>\n<\/ul>\n<h3>Przygotowanie deklaracji w sprawie dost\u0119pno\u015bci<\/h3>\n<ul>\n<li>Deklaracj\u0119 sporz\u0105dzono dnia: <time id=\"a11y-data-sporzadzenie\" datetime=\"2025-03-27\">2025-03-27<\/time><\/li>\n<li>Deklaracj\u0119 zosta\u0142a ostatnio poddana przegl\u0105dowi i aktualizacji dnia: <time id=\"a11y-data-deklaracja-przeglad\" datetime=\"2025-03-27\">2025-03-27<\/time><\/li>\n<\/ul>\n<p>Deklaracj\u0119 sporz\u0105dzono na podstawie oceny podmiotu zewn\u0119trznego przeprowadzonej przez <span id=\"a11y-audytor\">Linx Pawe\u0142 Nykiel<\/span>.<\/p>\n<p>Pobierz <a href=\"https:\/\/wave.webaim.org\/report#\/https:\/\/zss1.szczecin.pl\">Raport z wynikami przegl\u0105du dost\u0119pno\u015bci<\/a>.<\/p>\n<h2 id=\"a11y-kontakt\">Informacje zwrotne i dane kontaktowe<\/h2>\n<ul>\n<li>Za rozpatrywanie uwag i wniosk\u00f3w odpowiada: <span id=\"a11y-osoba\">Pawe\u0142 Bajer<\/span>.<\/li>\n<li>E-mail: <span id=\"a11y-email\">zss1@miasto.szczecin.pl<\/span><\/li>\n<li>Telefon: <span id=\"a11y-telefon\">91 4538-880<\/span><\/li>\n<\/ul>\n<p id=\"a11y-procedura\">Ka\u017cdy ma prawo:<\/p>\n<ul>\n<li>zg\u0142osi\u0107 uwagi dotycz\u0105ce dost\u0119pno\u015bci cyfrowej strony lub jej elementu,<\/li>\n<li>zg\u0142osi\u0107 \u017c\u0105danie zapewnienia dost\u0119pno\u015bci cyfrowej strony lub jej elementu,<\/li>\n<li>wnioskowa\u0107 o udost\u0119pnienie niedost\u0119pnej informacji w innej alternatywnej formie.<\/li>\n<\/ul>\n<p>\u017b\u0105danie musi zawiera\u0107:<\/p>\n<ul>\n<li>dane kontaktowe osoby zg\u0142aszaj\u0105cej,<\/li>\n<li>wskazanie strony lub elementu strony, kt\u00f3rej dotyczy \u017c\u0105danie,<\/li>\n<li>wskazanie dogodnej formy udost\u0119pnienia informacji, je\u015bli \u017c\u0105danie dotyczy udost\u0119pnienia w formie alternatywnej informacji niedost\u0119pnej.<\/li>\n<\/ul>\n<p>Rozpatrzenie zg\u0142oszenia powinno nast\u0105pi\u0107 niezw\u0142ocznie, najp\u00f3\u017aniej w ci\u0105gu 7 dni. Je\u015bli w tym terminie zapewnienie dost\u0119pno\u015bci albo zapewnienie dost\u0119pu w alternatywnej formie nie jest mo\u017cliwe, powinno nast\u0105pi\u0107 najdalej w ci\u0105gu 2 miesi\u0119cy od daty zg\u0142oszenia.<\/p>\n<h3>Skargi i odwo\u0142ania<\/h3>\n<p>Na niedotrzymanie tych termin\u00f3w oraz na odmow\u0119 realizacji \u017c\u0105dania mo\u017cna z\u0142o\u017cy\u0107 skarg\u0119 do organu nadzoruj\u0105cego poczt\u0105 lub drog\u0105 elektroniczn\u0105 na adres:<\/p>\n<ul>\n<li>Organ nadzoruj\u0105cy: Zesp\u00f3\u0142 Szk\u00f3\u0142 Specjalnych nr 1 w Szczecinie<\/li>\n<li>Adres: ul. Policka 3<br \/>\n71-837 Szczecin<\/li>\n<li>E-mail: zss1@miasto.szczecin.pl<\/li>\n<li>Telefon: 91 4538-880<\/li>\n<\/ul>\n<p>Skarg\u0119 mo\u017cna z\u0142o\u017cy\u0107 r\u00f3wnie\u017c do <a href=\"https:\/\/www.rpo.gov.pl\/content\/jak-zglosic-sie-do-rzecznika-praw-obywatelskich\">Rzecznika Praw Obywatelskich<\/a>.<\/p>\n<h2 id=\"a11y-architektura\">Dost\u0119pno\u015b\u0107 architektoniczna<\/h2>\n<p><span class=\"field-content\">Opis dost\u0119pno\u015bci wej\u015bcia do budynku i przechodzenia przez obszary kontroli<\/span><\/p>\n<p>Budynek przy ulicy Polickiej 3<\/p>\n<p>W budynku siedzib\u0119 ma Szko\u0142a Podstawowa nr 31 oraz Szko\u0142a Przysposabiaj\u0105ca do Pracy nr 1. Wej\u015bcie do budynku zaprojektowano od strony ulicy Polickiej. Plac\u00f3wka posiada tak\u017ce jedno wej\u015bcie znajduj\u0105ce si\u0119 za szko\u0142\u0105 od ulicy Doroty. W razie potrzeby istnieje mo\u017cliwo\u015b\u0107 dojazdu samochodem do wej\u015bcia g\u0142\u00f3wnego oraz do wej\u015bcia znajduj\u0105cego si\u0119 w tylnej cz\u0119\u015bci budynku.<\/p>\n<p>Opis dost\u0119pno\u015bci korytarzy, schod\u00f3w i wind<\/p>\n<p>Budynek O\u015brodka sk\u0142ada si\u0119 z czterech segment\u00f3w \u201eA\u201d, \u201eB\u201d, \u201eC\u201d i \u201eD\u201d, kt\u00f3rych kondygnacje<br \/>\ns\u0105 przesuni\u0119te w stosunku do siebie o oko\u0142o p\u00f3\u0142 metra. Segment \u201eA\u201d jest po\u0142\u0105czony poprzez \u0142\u0105cznik<br \/>\nz odr\u0119bnym segmentem sportowym \u201eE\u201d. Segmenty \u201eA\u201d, \u201eB\u201d i \u201eC\u201d to obiekty dwukondygnacyjne, podpiwniczone, natomiast segment \u201eD\u201d to obiekt dwukondygnacyjny bez podpiwniczenia.<\/p>\n<p>Segment A \u2013 znajduj\u0105 si\u0119 tu sale lekcyjne, pok\u00f3j psychologa szkolnego, pok\u00f3j pedagoga szkolnego, gabinet piel\u0119gniarki, toaleta, sto\u0142\u00f3wka oraz pomieszczenia administracyjne (gabinet ksi\u0119gowej oraz kierownika administracyjnego)<br \/>\nSegment B \u2013 sekretariat, gabinet dyrektora, gabinet vice dyrektora, 3 toalety, sale lekcyjne, pracownia komputerowa, pomieszczenie z monitoringiem<br \/>\nSegment C &#8211; znajduj\u0105 si\u0119 tu sale lekcyjne, pok\u00f3j nauczycielski, sala SI, 3 toalety<br \/>\nSegment D \u2013 znajduj\u0105 si\u0119 tu sale lekcyjne, \u015bwietlica oraz archiwum dokumentacji szko\u0142y<br \/>\nSegment E \u2013 znajduj\u0119 si\u0119 tu sala gimnastyczna z zapleczem (szatnia i ubikacja), sala lekcyjna<br \/>\nPodpiwniczenia \u2013 znajduje si\u0119 tu szatnia dla dzieci, pralnia, warsztat konserwatora i pomieszczenia socjalne dla obs\u0142ugi szko\u0142y<br \/>\nBudynek nie jest przystosowany dla os\u00f3b poruszaj\u0105cych si\u0119 na w\u00f3zkach inwalidzkich oraz nie posiada mo\u017cliwo\u015bci korzystania z windy. W budynku nie ma oznacze\u0144 w alfabecie brajla ani oznacze\u0144 kontrastowych lub w druku powi\u0119kszonym dla os\u00f3b niewidomych i s\u0142abo widz\u0105cych.<\/p>\n<p>Opis dostosowa\u0144, na przyk\u0142ad pochylni, platform, informacji g\u0142osowych, p\u0119tlach indukcyjnych<br \/>\nSzko\u0142a nie dysponuje pochylniami, platformami, p\u0119tlami komunikacyjnymi itp.<\/p>\n<p>Informacje o miejscu i sposobie korzystania z miejsc parkingowych wyznaczonych dla os\u00f3b niepe\u0142nosprawnych<br \/>\nOd strony ulicy Polickiej mo\u017cna wjecha\u0107 na teren posesji i zaparkowa\u0107 samoch\u00f3d. Do wej\u015bcia g\u0142\u00f3wnego prowadzi p\u0142aski chodnik bez przeszk\u00f3d poziomych. Z ty\u0142u budynku od ulicy Doroty znajduje si\u0119 jedno wej\u015bcie do szko\u0142y do kt\u00f3rego r\u00f3wnie\u017c mo\u017cna dojecha\u0107 samochodem oraz zaparkowa\u0107. Do tego wej\u015bcia prowadzi p\u0142aski chodnik bez przeszk\u00f3d poziomych. Parking dla przewoz\u00f3w, kt\u00f3re dowo\u017c\u0105 uczni\u00f3w do szko\u0142y znajduje si\u0119 tak\u017ce z ty\u0142u budynku. Nie ma wyznaczonych miejsc parkingowych dla os\u00f3b niepe\u0142nosprawnych<\/p>\n<p>Informacja o prawie wst\u0119pu z psem asystuj\u0105cym i ewentualnych uzasadnionych ograniczeniach<br \/>\nDo budynku szko\u0142y ma prawo wej\u015b\u0107 osoba z psem przewodnikiem\/asystuj\u0105cym.<\/p>\n<\/div>\n","protected":false},"excerpt":{"rendered":"<p>Deklaracja dost\u0119pno\u015bci Zesp\u00f3\u0142 Szk\u00f3\u0142 Specjalnych nr 1 w Szczecinie zobowi\u0105zuje si\u0119 zapewni\u0107 dost\u0119pno\u015b\u0107 swojej strony internetowej zgodnie z przepisami ustawy z dnia 4&nbsp;kwietnia 2019&nbsp;r. o&nbsp;dost\u0119pno\u015bci cyfrowej stron internetowych i&nbsp;aplikacji mobilnych podmiot\u00f3w publicznych. O\u015bwiadczenie w sprawie dost\u0119pno\u015bci ma zastosowanie do strony internetowej Strona internetowa szko\u0142y. Data publikacji strony internetowej: 2020-09-09 Data [&hellip;]<\/p>\n","protected":false},"author":2,"featured_media":0,"parent":0,"menu_order":0,"comment_status":"closed","ping_status":"closed","template":"","meta":{"ngg_post_thumbnail":0},"_links":{"self":[{"href":"https:\/\/zss1.szczecin.pl\/index.php?rest_route=\/wp\/v2\/pages\/11007"}],"collection":[{"href":"https:\/\/zss1.szczecin.pl\/index.php?rest_route=\/wp\/v2\/pages"}],"about":[{"href":"https:\/\/zss1.szczecin.pl\/index.php?rest_route=\/wp\/v2\/types\/page"}],"author":[{"embeddable":true,"href":"https:\/\/zss1.szczecin.pl\/index.php?rest_route=\/wp\/v2\/users\/2"}],"replies":[{"embeddable":true,"href":"https:\/\/zss1.szczecin.pl\/index.php?rest_route=%2Fwp%2Fv2%2Fcomments&post=11007"}],"version-history":[{"count":18,"href":"https:\/\/zss1.szczecin.pl\/index.php?rest_route=\/wp\/v2\/pages\/11007\/revisions"}],"predecessor-version":[{"id":11127,"href":"https:\/\/zss1.szczecin.pl\/index.php?rest_route=\/wp\/v2\/pages\/11007\/revisions\/11127"}],"wp:attachment":[{"href":"https:\/\/zss1.szczecin.pl\/index.php?rest_route=%2Fwp%2Fv2%2Fmedia&parent=11007"}],"curies":[{"name":"wp","href":"https:\/\/api.w.org\/{rel}","templated":true}]}}