{"id":2074,"date":"2022-10-04T07:39:07","date_gmt":"2022-10-04T07:39:07","guid":{"rendered":"http:\/\/sosw1.szczecin.pl\/?page_id=2074"},"modified":"2025-11-12T10:05:32","modified_gmt":"2025-11-12T10:05:32","slug":"rada-rdzicow","status":"publish","type":"page","link":"https:\/\/zss1.szczecin.pl\/?page_id=2074","title":{"rendered":"Rada Rodzic\u00f3w"},"content":{"rendered":"<h5>Prezydium Rady Rodzic\u00f3w \u2013 rok szkolny 2025\/2026<\/h5>\n<div class=\"default-style\">Przewodnicz\u0105ca &#8211; Sylwia Retzlaff-Osi\u0144ska<\/div>\n<div class=\"default-style\">Zast\u0119pca &#8211; Sebastian Rudowicz<\/div>\n<div class=\"default-style\">Sekretarz &#8211; Katarzyna Kowalczyk<\/div>\n<div class=\"default-style\">Skarbnik &#8211; Milena Berestek<\/div>\n<h5>Dokumenty do pobrania:<\/h5>\n<p><a href=\"http:\/\/zss1.szczecin.pl\/wp-content\/uploads\/2022\/10\/Regulamin-Rady-Rodzicow-.pdf\">&#8211; Regulamin Rady Rodzic\u00f3w,<\/a><\/p>\n<p><a href=\"http:\/\/zss1.szczecin.pl\/wp-content\/uploads\/2022\/10\/Rozliczenie-finansowe-Rady-Rodzicow-2021-2022.pdf\">&#8211; Rozliczenie finansowe Rady Rodzic\u00f3w za rok szkolny 2021\/2022<\/a><\/p>\n<p>&nbsp;<\/p>\n","protected":false},"excerpt":{"rendered":"<p>Prezydium Rady Rodzic\u00f3w \u2013 rok szkolny 2025\/2026 Przewodnicz\u0105ca &#8211; Sylwia Retzlaff-Osi\u0144ska Zast\u0119pca &#8211; Sebastian Rudowicz Sekretarz &#8211; Katarzyna Kowalczyk Skarbnik &#8211; Milena Berestek Dokumenty do pobrania: &#8211; Regulamin Rady Rodzic\u00f3w, &#8211; Rozliczenie finansowe Rady Rodzic\u00f3w za rok szkolny 2021\/2022 &nbsp;<\/p>\n","protected":false},"author":2,"featured_media":0,"parent":0,"menu_order":0,"comment_status":"closed","ping_status":"closed","template":"","meta":{"ngg_post_thumbnail":0},"_links":{"self":[{"href":"https:\/\/zss1.szczecin.pl\/index.php?rest_route=\/wp\/v2\/pages\/2074"}],"collection":[{"href":"https:\/\/zss1.szczecin.pl\/index.php?rest_route=\/wp\/v2\/pages"}],"about":[{"href":"https:\/\/zss1.szczecin.pl\/index.php?rest_route=\/wp\/v2\/types\/page"}],"author":[{"embeddable":true,"href":"https:\/\/zss1.szczecin.pl\/index.php?rest_route=\/wp\/v2\/users\/2"}],"replies":[{"embeddable":true,"href":"https:\/\/zss1.szczecin.pl\/index.php?rest_route=%2Fwp%2Fv2%2Fcomments&post=2074"}],"version-history":[{"count":21,"href":"https:\/\/zss1.szczecin.pl\/index.php?rest_route=\/wp\/v2\/pages\/2074\/revisions"}],"predecessor-version":[{"id":13160,"href":"https:\/\/zss1.szczecin.pl\/index.php?rest_route=\/wp\/v2\/pages\/2074\/revisions\/13160"}],"wp:attachment":[{"href":"https:\/\/zss1.szczecin.pl\/index.php?rest_route=%2Fwp%2Fv2%2Fmedia&parent=2074"}],"curies":[{"name":"wp","href":"https:\/\/api.w.org\/{rel}","templated":true}]}}