{"id":2705,"date":"2022-10-16T18:52:28","date_gmt":"2022-10-16T18:52:28","guid":{"rendered":"http:\/\/zss1.szczecin.pl\/?page_id=2705"},"modified":"2026-01-26T12:32:04","modified_gmt":"2026-01-26T12:32:04","slug":"dokumenty-do-pobrania","status":"publish","type":"page","link":"https:\/\/zss1.szczecin.pl\/?page_id=2705","title":{"rendered":"Dokumenty do pobrania"},"content":{"rendered":"\t\t<div data-elementor-type=\"wp-page\" data-elementor-id=\"2705\" class=\"elementor elementor-2705\">\n\t\t\t\t\t\t\t\t\t<section class=\"elementor-section elementor-top-section elementor-element elementor-element-1260d29a elementor-section-boxed elementor-section-height-default elementor-section-height-default\" data-id=\"1260d29a\" data-element_type=\"section\">\n\t\t\t\t\t\t<div class=\"elementor-container elementor-column-gap-default\">\n\t\t\t\t\t<div class=\"elementor-column elementor-col-100 elementor-top-column elementor-element elementor-element-6ab85e01\" data-id=\"6ab85e01\" data-element_type=\"column\">\n\t\t\t<div class=\"elementor-widget-wrap elementor-element-populated\">\n\t\t\t\t\t\t\t\t<div class=\"elementor-element elementor-element-706ce37c elementor-widget elementor-widget-text-editor\" data-id=\"706ce37c\" data-element_type=\"widget\" data-widget_type=\"text-editor.default\">\n\t\t\t\t<div class=\"elementor-widget-container\">\n\t\t\t<style>\/*! elementor - v3.7.7 - 20-09-2022 *\/\n.elementor-widget-text-editor.elementor-drop-cap-view-stacked .elementor-drop-cap{background-color:#818a91;color:#fff}.elementor-widget-text-editor.elementor-drop-cap-view-framed .elementor-drop-cap{color:#818a91;border:3px solid;background-color:transparent}.elementor-widget-text-editor:not(.elementor-drop-cap-view-default) .elementor-drop-cap{margin-top:8px}.elementor-widget-text-editor:not(.elementor-drop-cap-view-default) .elementor-drop-cap-letter{width:1em;height:1em}.elementor-widget-text-editor .elementor-drop-cap{float:left;text-align:center;line-height:1;font-size:50px}.elementor-widget-text-editor .elementor-drop-cap-letter{display:inline-block}<\/style>\t\t\t\t<p><strong>Dokumenty rekrutacyjne:<br \/><\/strong><a href=\"https:\/\/zss1.szczecin.pl\/wp-content\/uploads\/2023\/05\/WOs-8-1.pdf\">&#8211; skierowanie do plac\u00f3wki<\/a><br \/><a href=\"https:\/\/zss1.szczecin.pl\/wp-content\/uploads\/2025\/01\/klauzula-informacyjna-dla-uczniow-i-rodzicow-rekrutacja.pdf\">&#8211; klauzula informacyjna dla uczni\u00f3w i rodzic\u00f3w<\/a><br \/><a href=\"http:\/\/zss1.szczecin.pl\/wp-content\/uploads\/2023\/02\/podanie-o-przyjecie-do-szkoly-SP31.pdf\">&#8211; podanie o przyj\u0119cie do Szko\u0142y Podstawowej nr 31<\/a><br \/><a href=\"http:\/\/zss1.szczecin.pl\/wp-content\/uploads\/2023\/02\/podanie-o-przyjecie-do-szkoly-SPdP.pdf\">&#8211; podanie o przyj\u0119cie do Szko\u0142y Przysposabiaj\u0105cej do Pracy nr 1<\/a><\/p><p><strong>Informacje dla rodzic\u00f3w:<\/strong><br \/>numer rachunku do wp\u0142at za wy\u017cywienie dziecka:<strong><br \/>94 1020 4795 0000 9202 0443 8107<br \/><\/strong><a href=\"https:\/\/zss1.szczecin.pl\/wp-content\/uploads\/2024\/01\/Swiadczenie-wspierajace-2024-INFORMACJE.pdf\">&#8211; informacje dotycz\u0105ce \u015bwiadczenia wspieraj\u0105cego<\/a><strong><br \/><\/strong><a href=\"https:\/\/zss1.szczecin.pl\/wp-content\/uploads\/2024\/01\/Swiadczenie-wspierajace-KROKI.pdf\">&#8211; \u015bwiadczenie wspieraj\u0105ce <strong>&#8211; <\/strong>instrukcja jak uzyska\u0107<\/a><strong><br \/><\/strong><\/p><p><strong>Dokumenty szkolne:<br \/><\/strong><a href=\"http:\/\/zss1.szczecin.pl\/wp-content\/uploads\/2022\/10\/Zmiana-1-do-statutu-SP-nr-31.pdf\">&#8211; zmiana do statutu SP nr 31<\/a><br \/><a href=\"http:\/\/zss1.szczecin.pl\/wp-content\/uploads\/2022\/10\/Zmiana-1-do-statutu-SPdP-nr-1.pdf\">&#8211; zmiana do statutu SPdP nr 1<\/a><br \/><a href=\"http:\/\/zss1.szczecin.pl\/wp-content\/uploads\/2022\/10\/Zmiana-1-do-statutu-ZSS-nr-1.pdf\">&#8211; zmiana do statutu ZSS nr 1<\/a><br \/><a href=\"http:\/\/zss1.szczecin.pl\/wp-content\/uploads\/2022\/10\/Statut-SPdP-nr-1-31.08.2020.pdf\">&#8211; Statut Szko\u0142y Przysposabiaj\u0105cej do Pracy nr 1<\/a><br \/><a href=\"http:\/\/zss1.szczecin.pl\/wp-content\/uploads\/2022\/10\/Statut-SP-nr-31-31.08.2020.pdf\">&#8211; Statut Szko\u0142y Podstawowej nr 31<\/a><br \/><a href=\"http:\/\/zss1.szczecin.pl\/wp-content\/uploads\/2022\/10\/UCHWALA-XIX-595-20-z-30.06.2020-przeksztalcenie-SOSW1-w-ZSS-1.pdf\">&#8211; uchwa\u0142a XIX-595-20 z 30.06.2020 o przekszta\u0142ceniu SOSW nr 1 w ZSS nr 1<\/a><br \/><a href=\"https:\/\/zss1.szczecin.pl\/wp-content\/uploads\/2023\/09\/program-profilaktyczno-wychowawczy-na-lata-2023-2026.pdf\">&#8211; Program wychowawczo &#8211; profilaktyczny<\/a><br \/><a href=\"https:\/\/zss1.szczecin.pl\/wp-content\/uploads\/2023\/09\/Program-Profilaktyki-Uzaleznien-ZSS-nr1-2023-2026-1.pdf\">&#8211; Program profilaktyki uzale\u017cnie\u0144<br \/><\/a><a href=\"https:\/\/zss1.szczecin.pl\/wp-content\/uploads\/2024\/01\/STANDARDY-OCHRONY-MALOLETNICH-ZSS1.pdf\">&#8211; standardy ochrony ma\u0142oletnich w ZSS nr 1<\/a><br \/><a href=\"https:\/\/zss1.szczecin.pl\/wp-content\/uploads\/2024\/08\/Regulamin-korzystania-z-autobusu-szkolnego-w-ZSS-nr-1-w-Szczecinie.pdf\">&#8211; Regulamin korzystania z autobusu szkolnego<\/a><\/p><p><strong>Zak\u0142adowy Fundusz \u015awiadcze\u0144 Socjalnych:<br \/><\/strong><a href=\"https:\/\/zss1.szczecin.pl\/wp-content\/uploads\/2026\/01\/Wniosek-ZFSS.docx\">&#8211; wniosek o udzielenie \u015bwiadczenia socjalnego (doc)<\/a><strong>,<br \/><\/strong><a href=\"https:\/\/zss1.szczecin.pl\/wp-content\/uploads\/2026\/01\/Wniosek-ZFSS.pdf\">&#8211; wniosek o udzielenie \u015bwiadczenia socjalnego (pdf),<\/a><strong><br \/><\/strong><a href=\"https:\/\/zss1.szczecin.pl\/wp-content\/uploads\/2024\/02\/Regulamin-ZFSS.pdf\">&#8211; regulamin Zak\u0142adowego Funduszu \u015awiadcze\u0144 Socjalnych<\/a><strong><br \/><\/strong><\/p><p><strong style=\"font-family: Roboto; font-style: normal; font-size: 14px;\">Fundusz zdrowotny dla nauczycieli:<br \/><\/strong><a href=\"https:\/\/zss1.szczecin.pl\/wp-content\/uploads\/2024\/01\/Regulamin-przyznawania-pomocy-zdrowotnej.pdf\">&#8211; regulamin przyznawania pomocy zdrowotnej,<\/a><strong style=\"font-family: Roboto; font-style: normal; font-size: 14px;\"><br \/><\/strong><a href=\"https:\/\/zss1.szczecin.pl\/wp-content\/uploads\/2024\/01\/wniosek-oprzyznanie-pomocy-zdrowotnej-.pdf\">&#8211; wniosek o przyznanie pomocy zdrowotnej (pdf)<\/a><strong style=\"font-family: Roboto; font-style: normal; font-size: 14px;\"><br \/><\/strong><a href=\"https:\/\/zss1.szczecin.pl\/wp-content\/uploads\/2025\/01\/pomoc-zdrowotna-dla-nauczycieli.pdf\">&#8211; klauzula informacyjna dla korzystaj\u0105cych z pomocy zdrowotnej dla nauczycieli<\/a><strong style=\"font-family: Roboto; font-style: normal; font-size: 14px;\"><br \/><\/strong><a href=\"https:\/\/zss1.szczecin.pl\/wp-content\/uploads\/2024\/01\/wniosek-oprzyznanie-pomocy-zdrowotnej-.docx\">&#8211; wniosek o przyznanie pomocy zdrowotnej (doc)<\/a><strong style=\"font-family: Roboto; font-style: normal; font-size: 14px;\"><br \/><\/strong><a href=\"https:\/\/zss1.szczecin.pl\/wp-content\/uploads\/2024\/10\/Oswiadczenie-o-dochodach-pomoc-zdrowotna.pdf\">&#8211; o\u015bwiadczenie do dochodach &#8211; pomoc zdrowotna<\/a><strong style=\"font-family: Roboto; font-style: normal; font-size: 14px;\"><br \/><\/strong><\/p>\t\t\t\t\t\t<\/div>\n\t\t\t\t<\/div>\n\t\t\t\t\t<\/div>\n\t\t<\/div>\n\t\t\t\t\t\t\t<\/div>\n\t\t<\/section>\n\t\t\t\t\t\t\t<\/div>\n\t\t","protected":false},"excerpt":{"rendered":"<p>Dokumenty rekrutacyjne:&#8211; skierowanie do plac\u00f3wki&#8211; klauzula informacyjna dla uczni\u00f3w i rodzic\u00f3w&#8211; podanie o przyj\u0119cie do Szko\u0142y Podstawowej nr 31&#8211; podanie o przyj\u0119cie do Szko\u0142y Przysposabiaj\u0105cej do Pracy nr 1 Informacje dla rodzic\u00f3w:numer rachunku do wp\u0142at za wy\u017cywienie dziecka:94 1020 4795 0000 9202 0443 8107&#8211; informacje dotycz\u0105ce \u015bwiadczenia wspieraj\u0105cego&#8211; \u015bwiadczenie wspieraj\u0105ce [&hellip;]<\/p>\n","protected":false},"author":2,"featured_media":0,"parent":0,"menu_order":0,"comment_status":"closed","ping_status":"closed","template":"","meta":{"ngg_post_thumbnail":0},"_links":{"self":[{"href":"https:\/\/zss1.szczecin.pl\/index.php?rest_route=\/wp\/v2\/pages\/2705"}],"collection":[{"href":"https:\/\/zss1.szczecin.pl\/index.php?rest_route=\/wp\/v2\/pages"}],"about":[{"href":"https:\/\/zss1.szczecin.pl\/index.php?rest_route=\/wp\/v2\/types\/page"}],"author":[{"embeddable":true,"href":"https:\/\/zss1.szczecin.pl\/index.php?rest_route=\/wp\/v2\/users\/2"}],"replies":[{"embeddable":true,"href":"https:\/\/zss1.szczecin.pl\/index.php?rest_route=%2Fwp%2Fv2%2Fcomments&post=2705"}],"version-history":[{"count":164,"href":"https:\/\/zss1.szczecin.pl\/index.php?rest_route=\/wp\/v2\/pages\/2705\/revisions"}],"predecessor-version":[{"id":13941,"href":"https:\/\/zss1.szczecin.pl\/index.php?rest_route=\/wp\/v2\/pages\/2705\/revisions\/13941"}],"wp:attachment":[{"href":"https:\/\/zss1.szczecin.pl\/index.php?rest_route=%2Fwp%2Fv2%2Fmedia&parent=2705"}],"curies":[{"name":"wp","href":"https:\/\/api.w.org\/{rel}","templated":true}]}}