{"id":2744,"date":"2022-10-17T17:35:37","date_gmt":"2022-10-17T17:35:37","guid":{"rendered":"http:\/\/zss1.szczecin.pl\/?page_id=2744"},"modified":"2023-08-31T21:14:57","modified_gmt":"2023-08-31T21:14:57","slug":"sekcja-taneczna-piruet","status":"publish","type":"page","link":"https:\/\/zss1.szczecin.pl\/?page_id=2744","title":{"rendered":"zesp\u00f3\u0142 taneczny &#8211; &#8222;Piruet&#8221;"},"content":{"rendered":"\t\t<div data-elementor-type=\"wp-page\" data-elementor-id=\"2744\" class=\"elementor elementor-2744\">\n\t\t\t\t\t\t\t\t\t<section class=\"elementor-section elementor-top-section elementor-element elementor-element-f380d55 elementor-section-boxed elementor-section-height-default elementor-section-height-default\" data-id=\"f380d55\" data-element_type=\"section\">\n\t\t\t\t\t\t<div class=\"elementor-container elementor-column-gap-default\">\n\t\t\t\t\t<div class=\"elementor-column elementor-col-50 elementor-top-column elementor-element elementor-element-298a0cf\" data-id=\"298a0cf\" data-element_type=\"column\">\n\t\t\t<div class=\"elementor-widget-wrap elementor-element-populated\">\n\t\t\t\t\t\t\t\t<div class=\"elementor-element elementor-element-edd12c2 elementor-widget elementor-widget-image\" data-id=\"edd12c2\" data-element_type=\"widget\" data-widget_type=\"image.default\">\n\t\t\t\t<div class=\"elementor-widget-container\">\n\t\t\t<style>\/*! elementor - v3.7.7 - 20-09-2022 *\/\n.elementor-widget-image{text-align:center}.elementor-widget-image a{display:inline-block}.elementor-widget-image a img[src$=\".svg\"]{width:48px}.elementor-widget-image img{vertical-align:middle;display:inline-block}<\/style>\t\t\t\t\t\t\t\t\t\t\t\t<img width=\"768\" height=\"578\" src=\"https:\/\/zss1.szczecin.pl\/wp-content\/uploads\/2022\/10\/Kolo-taneczne-03-768x578.jpg\" class=\"attachment-medium_large size-medium_large\" alt=\"\" loading=\"lazy\" srcset=\"https:\/\/zss1.szczecin.pl\/wp-content\/uploads\/2022\/10\/Kolo-taneczne-03-768x578.jpg 768w, https:\/\/zss1.szczecin.pl\/wp-content\/uploads\/2022\/10\/Kolo-taneczne-03-300x226.jpg 300w, https:\/\/zss1.szczecin.pl\/wp-content\/uploads\/2022\/10\/Kolo-taneczne-03.jpg 797w\" sizes=\"(max-width: 768px) 100vw, 768px\" \/>\t\t\t\t\t\t\t\t\t\t\t\t\t\t\t<\/div>\n\t\t\t\t<\/div>\n\t\t\t\t\t<\/div>\n\t\t<\/div>\n\t\t\t\t<div class=\"elementor-column elementor-col-50 elementor-top-column elementor-element elementor-element-0473c2c\" data-id=\"0473c2c\" data-element_type=\"column\">\n\t\t\t<div class=\"elementor-widget-wrap elementor-element-populated\">\n\t\t\t\t\t\t\t\t<div class=\"elementor-element elementor-element-6284b7c elementor-widget elementor-widget-image\" data-id=\"6284b7c\" data-element_type=\"widget\" data-widget_type=\"image.default\">\n\t\t\t\t<div class=\"elementor-widget-container\">\n\t\t\t\t\t\t\t\t\t\t\t\t\t\t\t<img width=\"768\" height=\"576\" src=\"https:\/\/zss1.szczecin.pl\/wp-content\/uploads\/2022\/10\/kolo-taneczne-02-768x576.jpeg\" class=\"attachment-medium_large size-medium_large\" alt=\"\" loading=\"lazy\" srcset=\"https:\/\/zss1.szczecin.pl\/wp-content\/uploads\/2022\/10\/kolo-taneczne-02-768x576.jpeg 768w, https:\/\/zss1.szczecin.pl\/wp-content\/uploads\/2022\/10\/kolo-taneczne-02-300x225.jpeg 300w, https:\/\/zss1.szczecin.pl\/wp-content\/uploads\/2022\/10\/kolo-taneczne-02-1024x769.jpeg 1024w, https:\/\/zss1.szczecin.pl\/wp-content\/uploads\/2022\/10\/kolo-taneczne-02-1536x1153.jpeg 1536w, https:\/\/zss1.szczecin.pl\/wp-content\/uploads\/2022\/10\/kolo-taneczne-02.jpeg 1600w\" sizes=\"(max-width: 768px) 100vw, 768px\" \/>\t\t\t\t\t\t\t\t\t\t\t\t\t\t\t<\/div>\n\t\t\t\t<\/div>\n\t\t\t\t\t<\/div>\n\t\t<\/div>\n\t\t\t\t\t\t\t<\/div>\n\t\t<\/section>\n\t\t\t\t<section class=\"elementor-section elementor-top-section elementor-element elementor-element-64dab32 elementor-section-boxed elementor-section-height-default elementor-section-height-default\" data-id=\"64dab32\" data-element_type=\"section\">\n\t\t\t\t\t\t<div class=\"elementor-container elementor-column-gap-default\">\n\t\t\t\t\t<div class=\"elementor-column elementor-col-100 elementor-top-column elementor-element elementor-element-df2ddea\" data-id=\"df2ddea\" data-element_type=\"column\">\n\t\t\t<div class=\"elementor-widget-wrap elementor-element-populated\">\n\t\t\t\t\t\t\t\t<div class=\"elementor-element elementor-element-29cf155 elementor-widget elementor-widget-text-editor\" data-id=\"29cf155\" data-element_type=\"widget\" data-widget_type=\"text-editor.default\">\n\t\t\t\t<div class=\"elementor-widget-container\">\n\t\t\t<style>\/*! elementor - v3.7.7 - 20-09-2022 *\/\n.elementor-widget-text-editor.elementor-drop-cap-view-stacked .elementor-drop-cap{background-color:#818a91;color:#fff}.elementor-widget-text-editor.elementor-drop-cap-view-framed .elementor-drop-cap{color:#818a91;border:3px solid;background-color:transparent}.elementor-widget-text-editor:not(.elementor-drop-cap-view-default) .elementor-drop-cap{margin-top:8px}.elementor-widget-text-editor:not(.elementor-drop-cap-view-default) .elementor-drop-cap-letter{width:1em;height:1em}.elementor-widget-text-editor .elementor-drop-cap{float:left;text-align:center;line-height:1;font-size:50px}.elementor-widget-text-editor .elementor-drop-cap-letter{display:inline-block}<\/style>\t\t\t\t<p>Zesp\u00f3\u0142 taneczny &#8222;Piruet&#8221;,\u00a0 istnieje w naszym O\u015brodku od wrze\u015bnia 2003 roku. Nale\u017c\u0105 do niej dziewcz\u0119ta i ch\u0142opcy ucz\u0105cy si\u0119 w naszych szko\u0142ach. Zaj\u0119cia odbywaj\u0105 si\u0119 raz w tygodniu.<\/p><p>W trakcie cotygodniowych zaj\u0119\u0107 uczniowie umaj\u0105 mo\u017cliwo\u015b\u0107 poznania r\u00f3\u017cnych rodzaj\u00f3w ta\u0144ca: disco, ta\u0144ca towarzyskiego, ta\u0144c\u00f3w standardowych, latynoameryka\u0144skich oraz ludowych. Tworzymy r\u00f3wnie\u017c uk\u0142ady taneczne z wykorzystaniem element\u00f3w dramy, teatru oraz pantomimy. Stwarzamy naszym uczniom mo\u017cliwo\u015b\u0107 wyra\u017cania siebie w ekspresji tanecznej, kszta\u0142cimy estetyk\u0119 i elegancj\u0119 ruchu, rozwijamy zami\u0142owanie do ta\u0144ca i muzyki. Swoje umiej\u0119tno\u015bci taneczne zesp\u00f3\u0142 \u201ePiruet\u201d prezentuje na terenie szko\u0142y podczas uroczysto\u015bci szkolnych, np.: Festyn\u00f3w Rodzinnych, Dni Otwartych, Zako\u0144czeniu Roku Szkolnego, Dniu Dziecka oraz poza szko\u0142\u0105. Jednak g\u0142\u00f3wnym naszym celem jest przygotowanie si\u0119 do wyst\u0119p\u00f3w na organizowanym przez nas Wojew\u00f3dzkim Przegl\u0105dzie Form Tanecznych MAGIA TA\u0143CA. Na ten Przegl\u0105d przyje\u017cd\u017caj\u0105 uczniowie plac\u00f3wek kszta\u0142cenia specjalnego z ca\u0142ego regionu.<\/p><p>Opiekunami zespo\u0142u s\u0105: K. Nowak &#8211; Stachera i R. Lipi\u0144ska<\/p>\t\t\t\t\t\t<\/div>\n\t\t\t\t<\/div>\n\t\t\t\t\t<\/div>\n\t\t<\/div>\n\t\t\t\t\t\t\t<\/div>\n\t\t<\/section>\n\t\t\t\t<section class=\"elementor-section elementor-top-section elementor-element elementor-element-7399957 elementor-section-boxed elementor-section-height-default elementor-section-height-default\" data-id=\"7399957\" data-element_type=\"section\">\n\t\t\t\t\t\t<div class=\"elementor-container elementor-column-gap-default\">\n\t\t\t\t\t<div class=\"elementor-column elementor-col-100 elementor-top-column elementor-element elementor-element-91da5b9\" data-id=\"91da5b9\" data-element_type=\"column\">\n\t\t\t<div class=\"elementor-widget-wrap elementor-element-populated\">\n\t\t\t\t\t\t\t\t<div class=\"elementor-element elementor-element-94fd358 elementor-widget elementor-widget-image\" data-id=\"94fd358\" data-element_type=\"widget\" data-widget_type=\"image.default\">\n\t\t\t\t<div class=\"elementor-widget-container\">\n\t\t\t\t\t\t\t\t\t\t\t\t\t\t\t<img width=\"1024\" height=\"828\" src=\"https:\/\/zss1.szczecin.pl\/wp-content\/uploads\/2022\/10\/kolo-taneczne-01-1024x828.jpeg\" class=\"attachment-large size-large\" alt=\"\" loading=\"lazy\" srcset=\"https:\/\/zss1.szczecin.pl\/wp-content\/uploads\/2022\/10\/kolo-taneczne-01-1024x828.jpeg 1024w, https:\/\/zss1.szczecin.pl\/wp-content\/uploads\/2022\/10\/kolo-taneczne-01-300x242.jpeg 300w, https:\/\/zss1.szczecin.pl\/wp-content\/uploads\/2022\/10\/kolo-taneczne-01-768x621.jpeg 768w, https:\/\/zss1.szczecin.pl\/wp-content\/uploads\/2022\/10\/kolo-taneczne-01-1536x1241.jpeg 1536w, https:\/\/zss1.szczecin.pl\/wp-content\/uploads\/2022\/10\/kolo-taneczne-01.jpeg 1600w\" sizes=\"(max-width: 1024px) 100vw, 1024px\" \/>\t\t\t\t\t\t\t\t\t\t\t\t\t\t\t<\/div>\n\t\t\t\t<\/div>\n\t\t\t\t\t<\/div>\n\t\t<\/div>\n\t\t\t\t\t\t\t<\/div>\n\t\t<\/section>\n\t\t\t\t\t\t\t<\/div>\n\t\t","protected":false},"excerpt":{"rendered":"<p>Zesp\u00f3\u0142 taneczny &#8222;Piruet&#8221;,&nbsp; istnieje w naszym O\u015brodku od wrze\u015bnia 2003 roku. Nale\u017c\u0105 do niej dziewcz\u0119ta i ch\u0142opcy ucz\u0105cy si\u0119 w naszych szko\u0142ach. Zaj\u0119cia odbywaj\u0105 si\u0119 raz w tygodniu. W trakcie cotygodniowych zaj\u0119\u0107 uczniowie umaj\u0105 mo\u017cliwo\u015b\u0107 poznania r\u00f3\u017cnych rodzaj\u00f3w ta\u0144ca: disco, ta\u0144ca towarzyskiego, ta\u0144c\u00f3w standardowych, latynoameryka\u0144skich oraz ludowych. Tworzymy r\u00f3wnie\u017c uk\u0142ady [&hellip;]<\/p>\n","protected":false},"author":2,"featured_media":0,"parent":0,"menu_order":0,"comment_status":"closed","ping_status":"closed","template":"","meta":{"ngg_post_thumbnail":0},"_links":{"self":[{"href":"https:\/\/zss1.szczecin.pl\/index.php?rest_route=\/wp\/v2\/pages\/2744"}],"collection":[{"href":"https:\/\/zss1.szczecin.pl\/index.php?rest_route=\/wp\/v2\/pages"}],"about":[{"href":"https:\/\/zss1.szczecin.pl\/index.php?rest_route=\/wp\/v2\/types\/page"}],"author":[{"embeddable":true,"href":"https:\/\/zss1.szczecin.pl\/index.php?rest_route=\/wp\/v2\/users\/2"}],"replies":[{"embeddable":true,"href":"https:\/\/zss1.szczecin.pl\/index.php?rest_route=%2Fwp%2Fv2%2Fcomments&post=2744"}],"version-history":[{"count":14,"href":"https:\/\/zss1.szczecin.pl\/index.php?rest_route=\/wp\/v2\/pages\/2744\/revisions"}],"predecessor-version":[{"id":6086,"href":"https:\/\/zss1.szczecin.pl\/index.php?rest_route=\/wp\/v2\/pages\/2744\/revisions\/6086"}],"wp:attachment":[{"href":"https:\/\/zss1.szczecin.pl\/index.php?rest_route=%2Fwp%2Fv2%2Fmedia&parent=2744"}],"curies":[{"name":"wp","href":"https:\/\/api.w.org\/{rel}","templated":true}]}}