{"id":2803,"date":"2022-10-19T18:19:53","date_gmt":"2022-10-19T18:19:53","guid":{"rendered":"http:\/\/zss1.szczecin.pl\/?page_id=2803"},"modified":"2024-01-02T19:24:44","modified_gmt":"2024-01-02T19:24:44","slug":"sekcja-lop","status":"publish","type":"page","link":"https:\/\/zss1.szczecin.pl\/?page_id=2803","title":{"rendered":"Grupa ekologiczna &#8222;Przyjaciele przyrody&#8221;"},"content":{"rendered":"\t\t<div data-elementor-type=\"wp-page\" data-elementor-id=\"2803\" class=\"elementor elementor-2803\">\n\t\t\t\t\t\t\t\t\t<section class=\"elementor-section elementor-top-section elementor-element elementor-element-43627d5 elementor-section-boxed elementor-section-height-default elementor-section-height-default\" data-id=\"43627d5\" data-element_type=\"section\">\n\t\t\t\t\t\t<div class=\"elementor-container elementor-column-gap-default\">\n\t\t\t\t\t<div class=\"elementor-column elementor-col-50 elementor-top-column elementor-element elementor-element-35836fa\" data-id=\"35836fa\" data-element_type=\"column\">\n\t\t\t<div class=\"elementor-widget-wrap\">\n\t\t\t\t\t\t\t\t\t<\/div>\n\t\t<\/div>\n\t\t\t\t<div class=\"elementor-column elementor-col-50 elementor-top-column elementor-element elementor-element-562f2f5\" data-id=\"562f2f5\" data-element_type=\"column\">\n\t\t\t<div class=\"elementor-widget-wrap\">\n\t\t\t\t\t\t\t\t\t<\/div>\n\t\t<\/div>\n\t\t\t\t\t\t\t<\/div>\n\t\t<\/section>\n\t\t\t\t<section class=\"elementor-section elementor-top-section elementor-element elementor-element-ac8c51c elementor-section-boxed elementor-section-height-default elementor-section-height-default\" data-id=\"ac8c51c\" data-element_type=\"section\">\n\t\t\t\t\t\t<div class=\"elementor-container elementor-column-gap-default\">\n\t\t\t\t\t<div class=\"elementor-column elementor-col-100 elementor-top-column elementor-element elementor-element-5ea35ec\" data-id=\"5ea35ec\" data-element_type=\"column\">\n\t\t\t<div class=\"elementor-widget-wrap elementor-element-populated\">\n\t\t\t\t\t\t\t\t<div class=\"elementor-element elementor-element-55cb04a elementor-widget elementor-widget-text-editor\" data-id=\"55cb04a\" data-element_type=\"widget\" data-widget_type=\"text-editor.default\">\n\t\t\t\t<div class=\"elementor-widget-container\">\n\t\t\t<style>\/*! elementor - v3.7.7 - 20-09-2022 *\/\n.elementor-widget-text-editor.elementor-drop-cap-view-stacked .elementor-drop-cap{background-color:#818a91;color:#fff}.elementor-widget-text-editor.elementor-drop-cap-view-framed .elementor-drop-cap{color:#818a91;border:3px solid;background-color:transparent}.elementor-widget-text-editor:not(.elementor-drop-cap-view-default) .elementor-drop-cap{margin-top:8px}.elementor-widget-text-editor:not(.elementor-drop-cap-view-default) .elementor-drop-cap-letter{width:1em;height:1em}.elementor-widget-text-editor .elementor-drop-cap{float:left;text-align:center;line-height:1;font-size:50px}.elementor-widget-text-editor .elementor-drop-cap-letter{display:inline-block}<\/style>\t\t\t\t<div class=\"et_pb_text et_pb_module et_pb_bg_layout_light et_pb_text_align_left et_pb_text_2\"><p>Grupa ekologiczna &#8222;Przyjaciele przyrody&#8221; skupia w swoich kr\u0119gach ludzi, kt\u00f3rym na sercu le\u017cy szczera troska o \u015brodowisko przyrodnicze. Staramy si\u0119 zarazi\u0107 nasz\u0105 wra\u017cliwo\u015bci\u0105 i potrzeb\u0105 kontaktu z przyrod\u0105 ca\u0142\u0105 spo\u0142eczno\u015b\u0107 naszej plac\u00f3wki.\u00a0 Podejmuj\u0105c r\u00f3\u017cnorodne dzia\u0142ania ekologiczne w najbli\u017cszym otoczeniu, rozwijamy nawyki oszcz\u0119dnego korzystania z materia\u0142\u00f3w, segregowania odpad\u00f3w i rozs\u0105dnego gospodarowania zasobami naturalnymi. Nasze zbi\u00f3rki makulatury czy zu\u017cytych baterii bij\u0105 ka\u017cdego roku rekordy. W ramach Og\u00f3lnopolskiego Szkolnego Konkursu Ekologicznego organizowanego przez REBA SA Warszawa: \u201eKonkurujemy jak pracowite mr\u00f3wki\u201d, rywalizujemy z innymi szko\u0142ami w\u00a0 dobrym celu. Stale rozwijamy nasze zainteresowania przyrodnicze. Podziwiaj\u0105c pi\u0119kno zachodniopomorskiej przyrody jednocze\u015bnie zdobywamy now\u0105 wiedz\u0119 o gatunkach ro\u015blin i zwierz\u0105t, rodzajach las\u00f3w oraz wp\u0142ywie przyrody na cz\u0142owieka. Wsp\u00f3\u0142pracujemy z pani\u0105 \u00a0Izabel\u0105 Cichu\u0144sk\u0105\u00a0 z Ekologicznej Pracowni Przyrodniczo-Edukacyjnej dzia\u0142aj\u0105cej nad J.G\u0142\u0119bokim, kt\u00f3ra organizuje dla nas ciekawe lekcje przyrody. Organizujemy wycieczki do park\u00f3w i \u00a0las\u00f3w. Co roku prowadzimy akcj\u0119 \u201ePom\u00f3\u017cmy zwierz\u0119tom przetrwa\u0107 zim\u0119\u201d, podczas kt\u00f3rej zbieramy koce i karm\u0119 dla zwierz\u0105t ze Schroniska Dla Bezdomnych Zwierz\u0105t w Szczecinie. Zim\u0105 ptaki, kt\u00f3re odwiedzaj\u0105 nasze szkolne karmniki maj\u0105 zawsze otwart\u0105 ptasi\u0105 sto\u0142\u00f3wk\u0119. Staramy si\u0119 uwra\u017cliwi\u0107 wszystkich na odpowiedni\u0105 opiek\u0119 nad zwierz\u0119tami domowymi. Zapraszamy na spotkania w O\u015brodku naszych domowych czworonog\u00f3w. Tego rodzaju kontakt ze zwierz\u0119tami budzi w\u015br\u00f3d naszych uczni\u00f3w zawsze ogromnie pozytywne emocje.<\/p><p>Opiekunami Grupy s\u0105: Irmina Bednarz, Eliza Krakowian, Krystyna R\u00f3\u017cycka, Ma\u0142gorzata Sztandera, Jadwiga Zieli\u0144ska, \u0141ukasz \u015awi\u0105tek, H. Zaj\u0105c, D. Po\u017cusi\u0144ski.<\/p><\/div>\t\t\t\t\t\t<\/div>\n\t\t\t\t<\/div>\n\t\t\t\t\t<\/div>\n\t\t<\/div>\n\t\t\t\t\t\t\t<\/div>\n\t\t<\/section>\n\t\t\t\t<section class=\"elementor-section elementor-top-section elementor-element elementor-element-2d8b259 elementor-section-boxed elementor-section-height-default elementor-section-height-default\" data-id=\"2d8b259\" data-element_type=\"section\">\n\t\t\t\t\t\t<div class=\"elementor-container elementor-column-gap-default\">\n\t\t\t\t\t<div class=\"elementor-column elementor-col-50 elementor-top-column elementor-element elementor-element-66dd59b\" data-id=\"66dd59b\" data-element_type=\"column\">\n\t\t\t<div class=\"elementor-widget-wrap\">\n\t\t\t\t\t\t\t\t\t<\/div>\n\t\t<\/div>\n\t\t\t\t<div class=\"elementor-column elementor-col-50 elementor-top-column elementor-element elementor-element-9bd6d1c\" data-id=\"9bd6d1c\" data-element_type=\"column\">\n\t\t\t<div class=\"elementor-widget-wrap\">\n\t\t\t\t\t\t\t\t\t<\/div>\n\t\t<\/div>\n\t\t\t\t\t\t\t<\/div>\n\t\t<\/section>\n\t\t\t\t\t\t\t<\/div>\n\t\t","protected":false},"excerpt":{"rendered":"<p>Grupa ekologiczna &#8222;Przyjaciele przyrody&#8221; skupia w swoich kr\u0119gach ludzi, kt\u00f3rym na sercu le\u017cy szczera troska o \u015brodowisko przyrodnicze. Staramy si\u0119 zarazi\u0107 nasz\u0105 wra\u017cliwo\u015bci\u0105 i potrzeb\u0105 kontaktu z przyrod\u0105 ca\u0142\u0105 spo\u0142eczno\u015b\u0107 naszej plac\u00f3wki.&nbsp; Podejmuj\u0105c r\u00f3\u017cnorodne dzia\u0142ania ekologiczne w najbli\u017cszym otoczeniu, rozwijamy nawyki oszcz\u0119dnego korzystania z materia\u0142\u00f3w, segregowania odpad\u00f3w i rozs\u0105dnego gospodarowania [&hellip;]<\/p>\n","protected":false},"author":2,"featured_media":0,"parent":0,"menu_order":0,"comment_status":"closed","ping_status":"closed","template":"","meta":{"ngg_post_thumbnail":0},"_links":{"self":[{"href":"https:\/\/zss1.szczecin.pl\/index.php?rest_route=\/wp\/v2\/pages\/2803"}],"collection":[{"href":"https:\/\/zss1.szczecin.pl\/index.php?rest_route=\/wp\/v2\/pages"}],"about":[{"href":"https:\/\/zss1.szczecin.pl\/index.php?rest_route=\/wp\/v2\/types\/page"}],"author":[{"embeddable":true,"href":"https:\/\/zss1.szczecin.pl\/index.php?rest_route=\/wp\/v2\/users\/2"}],"replies":[{"embeddable":true,"href":"https:\/\/zss1.szczecin.pl\/index.php?rest_route=%2Fwp%2Fv2%2Fcomments&post=2803"}],"version-history":[{"count":8,"href":"https:\/\/zss1.szczecin.pl\/index.php?rest_route=\/wp\/v2\/pages\/2803\/revisions"}],"predecessor-version":[{"id":7786,"href":"https:\/\/zss1.szczecin.pl\/index.php?rest_route=\/wp\/v2\/pages\/2803\/revisions\/7786"}],"wp:attachment":[{"href":"https:\/\/zss1.szczecin.pl\/index.php?rest_route=%2Fwp%2Fv2%2Fmedia&parent=2803"}],"curies":[{"name":"wp","href":"https:\/\/api.w.org\/{rel}","templated":true}]}}